{"id":2030,"date":"2026-02-03T17:14:59","date_gmt":"2026-02-03T17:14:59","guid":{"rendered":"https:\/\/mirolanguages.com\/?page_id=2030"},"modified":"2026-02-03T17:16:56","modified_gmt":"2026-02-03T17:16:56","slug":"politica-de-qualitat-de-lempresa","status":"publish","type":"page","link":"https:\/\/mirolanguages.com\/es\/politica-de-qualitat-de-lempresa\/","title":{"rendered":"Pol\u00edtica de calidad de la empresa"},"content":{"rendered":"<div data-elementor-type=\"wp-page\" data-elementor-id=\"2030\" class=\"elementor elementor-2030\" data-elementor-post-type=\"page\">\n\t\t\t\t<div data-particle_enable=\"false\" data-particle-mobile-disabled=\"false\" class=\"elementor-element elementor-element-7d5b58b e-flex e-con-boxed e-con e-parent\" data-id=\"7d5b58b\" data-element_type=\"container\" data-e-type=\"container\">\n\t\t\t\t\t<div class=\"e-con-inner\">\n\t\t\t\t<div class=\"elementor-element elementor-element-058cd3f elementor-widget elementor-widget-heading\" data-id=\"058cd3f\" data-element_type=\"widget\" data-e-type=\"widget\" data-widget_type=\"heading.default\">\n\t\t\t\t\t<h2 class=\"elementor-heading-title elementor-size-default\">Pol\u00edtica de calidad de la empresa\n<\/h2>\t\t\t\t<\/div>\n\t\t\t\t<div class=\"elementor-element elementor-element-27bc388d elementor-widget elementor-widget-text-editor\" data-id=\"27bc388d\" data-element_type=\"widget\" data-e-type=\"widget\" data-widget_type=\"text-editor.default\">\n\t\t\t\t\t\t\t\t\t\n<p>Nuestro\u00a0<strong>OBJETIVO PRINCIPAL<\/strong>\u00a0es ofrecer una formaci\u00f3n adecuada a la demanda de nuestra sociedad para que los alumnos puedan tener una inserci\u00f3n en el mundo laboral r\u00e1pida y gratificante.<\/p>\n\n<ul class=\"wp-block-list\">\n<li>Disponer de una organizaci\u00f3n capaz de garantizar el cumplimiento de sus responsabilidades tanto organizadoras como de servicio.<\/li>\n\n<li>Analizar todos los riesgos que pueden generarse por las partes interesadas que son pertinentes al sistema de gesti\u00f3n de la calidad.<\/li>\n\n<li>Mantener y aumentar el nivel de conocimientos y formaci\u00f3n de sus trabajadores para poder ofrecer un servicio eficiente.<\/li>\n\n<li>Nos comprometemos con la mejora de nuestros productos y servicios.<\/li>\n\n<li>Compromiso de mejorar continuamente la eficacia y cumplir con los requisitos del sistema de calidad.<\/li>\n\n<li>Actualizaci\u00f3n peri\u00f3dica de la\u00a0<strong>Pol\u00edtica de Calidad<\/strong>, dar respuesta a las posibles modificaciones y mantener el control y an\u00e1lisis de las mismas.<\/li>\n\n<li>Cumplir con los requisitos legales y reglamentarios, as\u00ed como con las expectativas de los clientes.<\/li>\n<\/ul>\n\t\t\t\t\t\t\t\t<\/div>\n\t\t\t\t\t<\/div>\n\t\t\t\t<\/div>\n\t\t\t\t<\/div>","protected":false},"excerpt":{"rendered":"<p>Pol\u00edtica de qualitat de l\u2019empresa El nostre\u00a0OBJECTIU PRINCIPAL\u00a0\u00e9s oferir una formaci\u00f3 adequada a la demanda de la nostra societat per [&hellip;]<\/p>","protected":false},"author":1,"featured_media":0,"parent":0,"menu_order":0,"comment_status":"closed","ping_status":"closed","template":"","meta":{"site-sidebar-layout":"default","site-content-layout":"","ast-site-content-layout":"default","site-content-style":"default","site-sidebar-style":"default","ast-global-header-display":"","ast-banner-title-visibility":"","ast-main-header-display":"","ast-hfb-above-header-display":"","ast-hfb-below-header-display":"","ast-hfb-mobile-header-display":"","site-post-title":"disabled","ast-breadcrumbs-content":"","ast-featured-img":"","footer-sml-layout":"","ast-disable-related-posts":"","theme-transparent-header-meta":"","adv-header-id-meta":"","stick-header-meta":"","header-above-stick-meta":"","header-main-stick-meta":"","header-below-stick-meta":"","astra-migrate-meta-layouts":"default","ast-page-background-enabled":"default","ast-page-background-meta":{"desktop":{"background-color":"var(--ast-global-color-5)","background-image":"","background-repeat":"repeat","background-position":"center center","background-size":"auto","background-attachment":"scroll","background-type":"","background-media":"","overlay-type":"","overlay-color":"","overlay-opacity":"","overlay-gradient":""},"tablet":{"background-color":"","background-image":"","background-repeat":"repeat","background-position":"center center","background-size":"auto","background-attachment":"scroll","background-type":"","background-media":"","overlay-type":"","overlay-color":"","overlay-opacity":"","overlay-gradient":""},"mobile":{"background-color":"","background-image":"","background-repeat":"repeat","background-position":"center center","background-size":"auto","background-attachment":"scroll","background-type":"","background-media":"","overlay-type":"","overlay-color":"","overlay-opacity":"","overlay-gradient":""}},"ast-content-background-meta":{"desktop":{"background-color":"var(--ast-global-color-4)","background-image":"","background-repeat":"repeat","background-position":"center center","background-size":"auto","background-attachment":"scroll","background-type":"","background-media":"","overlay-type":"","overlay-color":"","overlay-opacity":"","overlay-gradient":""},"tablet":{"background-color":"var(--ast-global-color-4)","background-image":"","background-repeat":"repeat","background-position":"center center","background-size":"auto","background-attachment":"scroll","background-type":"","background-media":"","overlay-type":"","overlay-color":"","overlay-opacity":"","overlay-gradient":""},"mobile":{"background-color":"var(--ast-global-color-4)","background-image":"","background-repeat":"repeat","background-position":"center center","background-size":"auto","background-attachment":"scroll","background-type":"","background-media":"","overlay-type":"","overlay-color":"","overlay-opacity":"","overlay-gradient":""}},"footnotes":""},"class_list":["post-2030","page","type-page","status-publish","hentry"],"_links":{"self":[{"href":"https:\/\/mirolanguages.com\/es\/wp-json\/wp\/v2\/pages\/2030","targetHints":{"allow":["GET"]}}],"collection":[{"href":"https:\/\/mirolanguages.com\/es\/wp-json\/wp\/v2\/pages"}],"about":[{"href":"https:\/\/mirolanguages.com\/es\/wp-json\/wp\/v2\/types\/page"}],"author":[{"embeddable":true,"href":"https:\/\/mirolanguages.com\/es\/wp-json\/wp\/v2\/users\/1"}],"replies":[{"embeddable":true,"href":"https:\/\/mirolanguages.com\/es\/wp-json\/wp\/v2\/comments?post=2030"}],"version-history":[{"count":4,"href":"https:\/\/mirolanguages.com\/es\/wp-json\/wp\/v2\/pages\/2030\/revisions"}],"predecessor-version":[{"id":2034,"href":"https:\/\/mirolanguages.com\/es\/wp-json\/wp\/v2\/pages\/2030\/revisions\/2034"}],"wp:attachment":[{"href":"https:\/\/mirolanguages.com\/es\/wp-json\/wp\/v2\/media?parent=2030"}],"curies":[{"name":"wp","href":"https:\/\/api.w.org\/{rel}","templated":true}]}}